{"id":537,"date":"2017-09-07T07:09:34","date_gmt":"2017-09-07T07:09:34","guid":{"rendered":"http:\/\/handling.loc\/instruirea\/training-facilities\/"},"modified":"2020-11-18T07:17:28","modified_gmt":"2020-11-18T07:17:28","slug":"facilitati-de-instruire","status":"publish","type":"page","link":"http:\/\/handling.md\/ro\/instruirea\/facilitati-de-instruire\/","title":{"rendered":"Facilit\u0103\u0163i de instruire"},"content":{"rendered":"<p>Pentru desf\u0103\u015furarea calitativ\u0103 a procesului de instruire, clasa noastr\u0103 de instruire este dotat\u0103 cu aer condi\u021bionat \u0219i\u00a0 este bine luminat\u0103. Clasa\u00a0 este proiectat\u0103 pentru 24 de participan\u021bi \u0219i, \u00een plus, este echipat\u0103\u00a0 cu 6 locuri pentru instruire la calculator, tabl\u0103 alb\u0103, flip-chart.<\/p>\n<p>Suportul tehnic este reprezentat de set complet de echipamente tehnologice de instruire moderne, inclusiv proiector de date \u0219i ecran, calculatoare, imprimare \/ fotocopiere, internet, acces la SITA, SABER DCS \u0219i alte facilit\u0103\u021bi.<\/p>\n","protected":false},"excerpt":{"rendered":"<p>Pentru desf\u0103\u015furarea calitativ\u0103 a procesului de instruire, clasa noastr\u0103 de instruire este dotat\u0103 cu aer condi\u021bionat \u0219i\u00a0 este bine luminat\u0103. Clasa\u00a0 este proiectat\u0103 pentru 24 de<span class=\"excerpt-hellip\"> [\u2026]<\/span><\/p>\n","protected":false},"author":1,"featured_media":0,"parent":514,"menu_order":0,"comment_status":"closed","ping_status":"closed","template":"","meta":[],"_links":{"self":[{"href":"http:\/\/handling.md\/ro\/wp-json\/wp\/v2\/pages\/537"}],"collection":[{"href":"http:\/\/handling.md\/ro\/wp-json\/wp\/v2\/pages"}],"about":[{"href":"http:\/\/handling.md\/ro\/wp-json\/wp\/v2\/types\/page"}],"author":[{"embeddable":true,"href":"http:\/\/handling.md\/ro\/wp-json\/wp\/v2\/users\/1"}],"replies":[{"embeddable":true,"href":"http:\/\/handling.md\/ro\/wp-json\/wp\/v2\/comments?post=537"}],"version-history":[{"count":1,"href":"http:\/\/handling.md\/ro\/wp-json\/wp\/v2\/pages\/537\/revisions"}],"predecessor-version":[{"id":539,"href":"http:\/\/handling.md\/ro\/wp-json\/wp\/v2\/pages\/537\/revisions\/539"}],"up":[{"embeddable":true,"href":"http:\/\/handling.md\/ro\/wp-json\/wp\/v2\/pages\/514"}],"wp:attachment":[{"href":"http:\/\/handling.md\/ro\/wp-json\/wp\/v2\/media?parent=537"}],"curies":[{"name":"wp","href":"https:\/\/api.w.org\/{rel}","templated":true}]}}