{"id":531,"date":"2017-09-07T07:07:18","date_gmt":"2017-09-07T07:07:18","guid":{"rendered":"http:\/\/handling.loc\/instruirea\/training-programs\/"},"modified":"2020-11-18T07:14:00","modified_gmt":"2020-11-18T07:14:00","slug":"cursuri-de-instruire","status":"publish","type":"page","link":"http:\/\/handling.md\/ro\/instruirea\/cursuri-de-instruire\/","title":{"rendered":"Cursuri de instruire"},"content":{"rendered":"<p>Programele de instruire ale companiei \u201cAeroport\u00a0 Handling\u201d\u00a0 corespund standardelor \u0219i\u00a0 cerin\u021belor\u00a0 IATA, ICAO, precum\u00a0 \u0219i ale companiilor aeriene. Programele de instruire sunt elaborate pentru a sus\u021bine\u00a0 calitatea serviciilor de deservire\u00a0 la sol prestate cu ajutorul instructorilor no\u0219tri experimenta\u021bi \u0219i certifica\u021bi. De asemenea, dac\u0103 este necesar, pot fi invita\u021bi\u00a0 instructor externi\u00a0 de a sus\u021bine cursuri de instruire \u00een conformitate cu programele de preg\u0103tire.<\/p>\n<p>&nbsp;<\/p>\n<p><strong><u>Lista programelor de instruire:<\/u><\/strong><\/p>\n<ul>\n<li>A &#8211; Program de instruire \u00een domeniul securit\u0103\u021bii aeronautice<\/li>\n<li>B &#8211; Program de instruire cu privire la transportarea\u00a0 m\u0103rfurilor\u00a0 periculoase<\/li>\n<li>C &#8211; Program de instruire \u00een domeniul siguran\u021bei<\/li>\n<li>D &#8211; Programul de instruire\u00a0 conducere transportului pe aerodrom Chisinau<\/li>\n<li>E- Programul de instruire\u00a0 de operare cu echpamentul de deservire la sol<\/li>\n<li>F &#8211; Program de instruire\u00a0 controlului \u00eenc\u0103rc\u0103rii \u015fi centraj navelor aeriene<\/li>\n<li>N &#8211; Programul de instruire cu privire la iregularit\u0103\u021bile\u00a0 bagajelor<\/li>\n<li>O &#8211; Program de instruire cu privire la procedurile de cur\u0103\u021benie intern\u0103 aeronavelor<\/li>\n<li>P &#8211; Program de instruire pentru utilizarea software-ului \/ echipamentelor<\/li>\n<li>Q &#8211; Programul deinstruire pe degivrare\/ antigivrare<\/li>\n<li>R &#8211; Program de instruire \u00een situa\u021bii de urgen\u021b\u0103<\/li>\n<li>S &#8211; Program de instruire pe procedur\u0103 de alimentarea cu ap\u0103 potabil\u0103<\/li>\n<li>T &#8211; Programul de instruire cu privire la\u00a0 regulamentarea transport\u0103rii a \u00a0 animalele vii<\/li>\n<li>U &#8211; Program de instruire pe\u00a0 sistemelor de rezervare \/ rezervare \u0219i v\u00e2nzare de bilete<\/li>\n<\/ul>\n<p>&nbsp;<\/p>\n<h2 style=\"text-align: center;\">\u00a0Planuri de instruire<\/h2>\n<p>Instruirea ini\u0163ial\u0103 \u015fi recurent\u0103 cu teste periodice este obligatorie pentru tot personalul care \u00eendepline\u015fte sarcini\u00a0 de serviciu \u00een cadrul opera\u0163iunilor la sol.<\/p>\n<p>Programele de instruire \u00a0 ini\u021bial\u0103 \u0219i recurent\u0103\u00a0 ale companiei \u201eAeroport Handling\u201d includ evaluarea prin testarea \u00een scris, oral sau evalu\u0103ri practice\u00a0 pentru personalul de a demonstra cuno\u0219tin\u021be \u0219i competen\u021ba necesar\u0103 pentru \u00eendeplinirea sarcinilor de serviciu, executarea procedurilor \u0219i \/ sau operarea echipamentelor.<\/p>\n<p>&nbsp;<\/p>\n<p>Dragi prieteni,<\/p>\n<p>\u00cen numele \u201eAeroport Handling\u201d SRL\u00a0 permite\u021bi-mi s\u0103 Va\u00a0 salut \u0219i s\u0103 exprim marele respect pentru dvs. \u0219i realiz\u0103rile companiei dvs. \u00een domeniul avia\u021biei.<\/p>\n<p><strong>Acum suntem bucuro\u0219i s\u0103 anun\u021b\u0103m:<\/strong><\/p>\n<p><strong>\u201eAeroport Handling\u201d, membru ISAGO, ofer\u0103 deja cursuri de\u00a0 instruire pentru personalul, ce activeaz\u0103 \u00een domeniul avia\u021biei.<\/strong><\/p>\n","protected":false},"excerpt":{"rendered":"<p>Programele de instruire ale companiei \u201cAeroport\u00a0 Handling\u201d\u00a0 corespund standardelor \u0219i\u00a0 cerin\u021belor\u00a0 IATA, ICAO, precum\u00a0 \u0219i ale companiilor aeriene. Programele de instruire sunt elaborate pentru a sus\u021bine\u00a0<span class=\"excerpt-hellip\"> [\u2026]<\/span><\/p>\n","protected":false},"author":1,"featured_media":0,"parent":514,"menu_order":0,"comment_status":"closed","ping_status":"closed","template":"","meta":[],"_links":{"self":[{"href":"http:\/\/handling.md\/ro\/wp-json\/wp\/v2\/pages\/531"}],"collection":[{"href":"http:\/\/handling.md\/ro\/wp-json\/wp\/v2\/pages"}],"about":[{"href":"http:\/\/handling.md\/ro\/wp-json\/wp\/v2\/types\/page"}],"author":[{"embeddable":true,"href":"http:\/\/handling.md\/ro\/wp-json\/wp\/v2\/users\/1"}],"replies":[{"embeddable":true,"href":"http:\/\/handling.md\/ro\/wp-json\/wp\/v2\/comments?post=531"}],"version-history":[{"count":2,"href":"http:\/\/handling.md\/ro\/wp-json\/wp\/v2\/pages\/531\/revisions"}],"predecessor-version":[{"id":534,"href":"http:\/\/handling.md\/ro\/wp-json\/wp\/v2\/pages\/531\/revisions\/534"}],"up":[{"embeddable":true,"href":"http:\/\/handling.md\/ro\/wp-json\/wp\/v2\/pages\/514"}],"wp:attachment":[{"href":"http:\/\/handling.md\/ro\/wp-json\/wp\/v2\/media?parent=531"}],"curies":[{"name":"wp","href":"https:\/\/api.w.org\/{rel}","templated":true}]}}