{"id":464,"date":"2017-09-19T18:10:03","date_gmt":"2017-09-19T18:10:03","guid":{"rendered":"http:\/\/handling.loc\/cargo-handling-and-sales\/"},"modified":"2020-11-19T13:15:17","modified_gmt":"2020-11-19T13:15:17","slug":"deservire-marfa-si-posta","status":"publish","type":"page","link":"http:\/\/handling.md\/ro\/deservire-marfa-si-posta\/","title":{"rendered":"Deservire marf\u0103 \u015fi po\u015ft\u0103"},"content":{"rendered":"<h2 style=\"text-align: center;\">Deservire marf\u0103 \u015fi po\u015ft\u0103<\/h2>\n<p>Unul din domeniile de activitate ale companiei\u00a0 noastre este prestarea unui complex\u00a0 de servicii cargo \u2013 deservire\u00a0 marf\u0103 \u015fi po\u015ft\u0103\u00a0 \u00een cadrul industriei interna\u0163ionale de\u00a0 transport a m\u0103rfii pe calea aerian\u0103 &#8211; cel mai sigur \u015fi mai rapid transport contemporan.<\/p>\n<p>\u201eAeroport Handling\u201d ofer\u0103 servicii de desrvire \u015fi supraveghere a m\u0103rfurilor, acesta fiind un mare avantaj pentru companiile aeriene, \u00een corespundere\u00a0 cu cerin\u0163ele IATA SGHA:<\/p>\n<ul>\n<li>\u00a0\u00a0\u00a0\u00a0Prelucrarea m\u0103rfii \u015fi po\u015ftei;<\/li>\n<li>\u00a0\u00a0 \u00cenc\u0103rcare \/ desc\u0103rcare m\u0103rf\u0103;<\/li>\n<li>\u00a0\u00a0 Coordonarea cu partea ter\u0163\u0103, documenta\u0163ia pentru\u00a0 marf\u0103, comunicarea cu clien\u0163ii;<\/li>\n<li>\u00a0\u00a0 Prelucrarea m\u0103rfurilor speciale: m\u0103rfuri valoroase, periculoase, animale vii, etc.;<\/li>\n<li>\u00a0\u00a0 Exportul, importul, urm\u0103rirea m\u0103rfurilor \u015fi a po\u015ftei pierdute \u015fi g\u0103site, etc.<\/li>\n<\/ul>\n<p>Serviciile de deservire a m\u0103rfii \u015fi po\u015ftei sunt prestate 24\/7 de c\u0103tre angaja\u0163i califica\u0163i, care de\u0163in diverse diplome: IATA \/ FIATA <i>Cargo Introductory<\/i>; certificate IATA \u00een\u00a0 <i>Transportarea \u00a0 m\u0103rfurilor periculoase<\/i>, Cat. 6;\u00a0 certificatul IATA privind <i>Transportarea animalelor\u00a0 vii<\/i>; certificatul IATA\u00a0 de instructor \u00een\u00a0 <i>Transportarea \u00a0 m\u0103rfurilor periculoase<\/i>.<\/p>\n<p><img loading=\"lazy\" class=\"size-full wp-image-333 aligncenter\" src=\"http:\/\/handling.md\/wp-content\/uploads\/2017\/09\/cargo-handling-md.png\" alt=\"\" width=\"512\" height=\"271\" srcset=\"http:\/\/handling.md\/wp-content\/uploads\/2017\/09\/cargo-handling-md.png 512w, http:\/\/handling.md\/wp-content\/uploads\/2017\/09\/cargo-handling-md-300x159.png 300w, http:\/\/handling.md\/wp-content\/uploads\/2017\/09\/cargo-handling-md-260x138.png 260w, http:\/\/handling.md\/wp-content\/uploads\/2017\/09\/cargo-handling-md-50x26.png 50w, http:\/\/handling.md\/wp-content\/uploads\/2017\/09\/cargo-handling-md-142x75.png 142w\" sizes=\"(max-width: 512px) 100vw, 512px\" \/><\/p>\n<p>Please contact us:<\/p>\n<p>Tel. +373 22 811872<\/p>\n<p>e-mail: <a href=\"mailto:cargo@handling.md\">cargo@handling.md<\/a><\/p>\n<p>&nbsp;<\/p>\n<p>24 hours support<\/p>\n<p>Tel. +373 22 811872<\/p>\n<p>Mob. +373 78880855<\/p>\n<p>e-mail: <a href=\"mailto:cargo.ramp@handliing.md\">cargo.ramp@handliing.md<\/a><\/p>\n<p>SITA: KIVDAXH<\/p>\n<p>&nbsp;<\/p>\n<h2 id=\"cargo-sales\" style=\"text-align: center;\">CARGO SALES<\/h2>\n<p><img loading=\"lazy\" class=\"size-full wp-image-334 aligncenter\" src=\"http:\/\/handling.md\/wp-content\/uploads\/2017\/09\/cargo-sales-md.jpg\" alt=\"\" width=\"400\" height=\"200\" srcset=\"http:\/\/handling.md\/wp-content\/uploads\/2017\/09\/cargo-sales-md.jpg 400w, http:\/\/handling.md\/wp-content\/uploads\/2017\/09\/cargo-sales-md-300x150.jpg 300w, http:\/\/handling.md\/wp-content\/uploads\/2017\/09\/cargo-sales-md-260x130.jpg 260w, http:\/\/handling.md\/wp-content\/uploads\/2017\/09\/cargo-sales-md-50x25.jpg 50w, http:\/\/handling.md\/wp-content\/uploads\/2017\/09\/cargo-sales-md-150x75.jpg 150w\" sizes=\"(max-width: 400px) 100vw, 400px\" \/><\/p>\n<p>\u201eAeroport Handling\u201d ofer\u0103, de asemenea, pentru clien\u021bii no\u0219tri\u00a0 servicii de v\u00e2nzare\u00a0 transport\u0103rii m\u0103rfurilor \u015fi po\u015ftei pe cale\u00a0 aerian\u0103. Noi oferim\u00a0 rute de transportare a m\u0103rfii\u00a0 pe cale aerian\u0103, costuri \u0219i timpi de livrare alternative, pentru a oferi cea mai potrivit\u0103 solu\u021bie pentru clien\u0163ii.<\/p>\n<p>Beneficii pentru clien\u0163ii companiei \u201eAeroport Handling\u201d:<\/p>\n<ul>\n<li>Acoperire \u00een timp extins\u0103;<\/li>\n<li>Acoperire la nivel mondial;<\/li>\n<li>R\u0103spuns rapid la cererile de ofert\u0103;<\/li>\n<li>Confirmare imediat\u0103 a rezerv\u0103rii;<\/li>\n<li>Actualiz\u0103ri zilnice privind statutul m\u0103rfii;<\/li>\n<li>Capacit\u0103\u021bi maxime de \u00eenc\u0103rc\u0103tur\u0103;<\/li>\n<li>Solu\u021bii profesionale si eficiente cu privire la transportarea m\u0103rfii \u015fi po\u015ftei pe cale aerian\u0103.<\/li>\n<\/ul>\n<p>Dac\u0103 dori\u0163i s\u0103 afla\u0163i costu\u00a0 transport\u0103rii a m\u0103rfii dvs pe cale aerian\u0103, pute\u021bi contacta agent v\u00eenz\u0103ri transport\u0103rii m\u0103rfii \u015fi po\u015ftei pe cale\u00a0 aerian\u0103 complet\u00e2nd formularul de mai jos:<\/p>\n<div role=\"form\" class=\"wpcf7\" id=\"wpcf7-f84-o1\" lang=\"en-US\" dir=\"ltr\">\n<div class=\"screen-reader-response\"><p role=\"status\" aria-live=\"polite\" aria-atomic=\"true\"><\/p> <ul><\/ul><\/div>\n<form action=\"\/ro\/wp-json\/wp\/v2\/pages\/464#wpcf7-f84-o1\" method=\"post\" class=\"wpcf7-form init\" novalidate=\"novalidate\" data-status=\"init\">\n<div style=\"display: none;\">\n<input type=\"hidden\" name=\"_wpcf7\" value=\"84\" \/>\n<input type=\"hidden\" name=\"_wpcf7_version\" value=\"5.3\" \/>\n<input type=\"hidden\" name=\"_wpcf7_locale\" value=\"en_US\" \/>\n<input type=\"hidden\" name=\"_wpcf7_unit_tag\" value=\"wpcf7-f84-o1\" \/>\n<input type=\"hidden\" name=\"_wpcf7_container_post\" value=\"0\" \/>\n<input type=\"hidden\" name=\"_wpcf7_posted_data_hash\" value=\"\" \/>\n<\/div>\n<div class=\"column one-second\"><label>Name:<\/label><span class=\"wpcf7-form-control-wrap your-name\"><input type=\"text\" name=\"your-name\" value=\"\" size=\"40\" class=\"wpcf7-form-control wpcf7-text wpcf7-validates-as-required\" aria-required=\"true\" aria-invalid=\"false\" \/><\/span><\/div>\n<div class=\"column one-second\"><label>Destination:<\/label><span class=\"wpcf7-form-control-wrap your-destination\"><input type=\"text\" name=\"your-destination\" value=\"\" size=\"40\" class=\"wpcf7-form-control wpcf7-text wpcf7-validates-as-required\" aria-required=\"true\" aria-invalid=\"false\" \/><\/span><\/div>\n<div class=\"column one-second\"><label>Company:<\/label><span class=\"wpcf7-form-control-wrap your-company\"><input type=\"text\" name=\"your-company\" value=\"\" size=\"40\" class=\"wpcf7-form-control wpcf7-text wpcf7-validates-as-required\" aria-required=\"true\" aria-invalid=\"false\" \/><\/span><\/div>\n<div class=\"column one-second\"><label>Origin:<\/label><span class=\"wpcf7-form-control-wrap your-origin\"><input type=\"text\" name=\"your-origin\" value=\"\" size=\"40\" class=\"wpcf7-form-control wpcf7-text wpcf7-validates-as-required\" aria-required=\"true\" aria-invalid=\"false\" \/><\/span><\/div>\n<div class=\"column one-second\"><label>Cargo Dimensions:<\/label><span class=\"wpcf7-form-control-wrap your-cargo-dimensions\"><input type=\"text\" name=\"your-cargo-dimensions\" value=\"\" size=\"40\" class=\"wpcf7-form-control wpcf7-text wpcf7-validates-as-required\" aria-required=\"true\" aria-invalid=\"false\" \/><\/span><\/div>\n<div class=\"column one-second\"><label>No. of packages:<\/label><span class=\"wpcf7-form-control-wrap your-cargo-no-of-packages\"><input type=\"text\" name=\"your-cargo-no-of-packages\" value=\"\" size=\"40\" class=\"wpcf7-form-control wpcf7-text wpcf7-validates-as-required\" aria-required=\"true\" aria-invalid=\"false\" \/><\/span><\/div>\n<div class=\"column one-second\"><label>Gross weight:<\/label><span class=\"wpcf7-form-control-wrap your-gross-weight\"><input type=\"text\" name=\"your-gross-weight\" value=\"\" size=\"40\" class=\"wpcf7-form-control wpcf7-text wpcf7-validates-as-required\" aria-required=\"true\" aria-invalid=\"false\" \/><\/span><\/div>\n<div class=\"column one-second\"><label>E-mail address:<\/label><span class=\"wpcf7-form-control-wrap your-email\"><input type=\"email\" name=\"your-email\" value=\"\" size=\"40\" class=\"wpcf7-form-control wpcf7-text wpcf7-email wpcf7-validates-as-required wpcf7-validates-as-email\" aria-required=\"true\" aria-invalid=\"false\" \/><\/span><\/div>\n<div class=\"column one-second\"><label>Commodity:<\/label><span class=\"wpcf7-form-control-wrap your-commodity\"><input type=\"text\" name=\"your-commodity\" value=\"\" size=\"40\" class=\"wpcf7-form-control wpcf7-text wpcf7-validates-as-required\" aria-required=\"true\" aria-invalid=\"false\" \/><\/span><\/div>\n<div class=\"column one-second\"><label>Contact phone number:<\/label><span class=\"wpcf7-form-control-wrap your-phone\"><input type=\"text\" name=\"your-phone\" value=\"\" size=\"40\" class=\"wpcf7-form-control wpcf7-text wpcf7-validates-as-required\" aria-required=\"true\" aria-invalid=\"false\" \/><\/span><\/div>\n<div class=\"column one\"><label>Message:<\/label><span class=\"wpcf7-form-control-wrap your-message\"><textarea name=\"your-message\" cols=\"40\" rows=\"10\" class=\"wpcf7-form-control wpcf7-textarea\" aria-invalid=\"false\"><\/textarea><\/span><\/div>\n<div class=\"column one\"><input type=\"submit\" value=\"Send message\" class=\"wpcf7-form-control wpcf7-submit\" \/><\/div>\n<div class=\"wpcf7-response-output\" aria-hidden=\"true\"><\/div><\/form><\/div>\n<p>&nbsp;<\/p>\n<p>The most important goals for all cargo staff are focusing on maintaining the operational risks at the lowest possible level and permanent strive to have all the laws, regulations, procedures and requirements followed and complies with.<\/p>\n<p>Please don\u2019t hesitate to contact us:<\/p>\n<p>Tel. <a href=\"tel:+373 22 811872\">+373 22 811872<\/a><\/p>\n<p>e-mail: <a href=\"mailto:cargo.sales@handling.md\">cargo.sales@handling.md<\/a><\/p>\n","protected":false},"excerpt":{"rendered":"<p>Deservire marf\u0103 \u015fi po\u015ft\u0103 Unul din domeniile de activitate ale companiei\u00a0 noastre este prestarea unui complex\u00a0 de servicii cargo \u2013 deservire\u00a0 marf\u0103 \u015fi po\u015ft\u0103\u00a0 \u00een cadrul<span class=\"excerpt-hellip\"> [\u2026]<\/span><\/p>\n","protected":false},"author":1,"featured_media":0,"parent":0,"menu_order":0,"comment_status":"closed","ping_status":"closed","template":"","meta":[],"_links":{"self":[{"href":"http:\/\/handling.md\/ro\/wp-json\/wp\/v2\/pages\/464"}],"collection":[{"href":"http:\/\/handling.md\/ro\/wp-json\/wp\/v2\/pages"}],"about":[{"href":"http:\/\/handling.md\/ro\/wp-json\/wp\/v2\/types\/page"}],"author":[{"embeddable":true,"href":"http:\/\/handling.md\/ro\/wp-json\/wp\/v2\/users\/1"}],"replies":[{"embeddable":true,"href":"http:\/\/handling.md\/ro\/wp-json\/wp\/v2\/comments?post=464"}],"version-history":[{"count":4,"href":"http:\/\/handling.md\/ro\/wp-json\/wp\/v2\/pages\/464\/revisions"}],"predecessor-version":[{"id":608,"href":"http:\/\/handling.md\/ro\/wp-json\/wp\/v2\/pages\/464\/revisions\/608"}],"wp:attachment":[{"href":"http:\/\/handling.md\/ro\/wp-json\/wp\/v2\/media?parent=464"}],"curies":[{"name":"wp","href":"https:\/\/api.w.org\/{rel}","templated":true}]}}