{"id":462,"date":"2017-09-03T20:01:08","date_gmt":"2017-09-03T20:01:08","guid":{"rendered":"http:\/\/handling.loc\/aircraft-handling\/"},"modified":"2020-11-13T10:17:38","modified_gmt":"2020-11-13T10:17:38","slug":"deservirea-la-sol-a-navelor-aeriene","status":"publish","type":"page","link":"http:\/\/handling.md\/ro\/deservirea-la-sol-a-navelor-aeriene\/","title":{"rendered":"Deservirea la sol a navelor aeriene"},"content":{"rendered":"<p>Obiectivul principal al Aerport Handling SRL este de a oferi\u00a0 companielor\u00a0 aeriene o gam\u0103 larg\u0103 de servicii de deservire la sol a aeronavelor de \u00eenalt\u0103 calitate\u00a0 pe Aeroportul Interna\u021bional Chi\u0219in\u0103u.<\/p>\n<ul>\n<li>Monitorizarea opera\u0163iunilor<\/li>\n<li>\u00cenc\u0103rcare \u0219i desc\u0103rcare<\/li>\n<li>Deservire marf\u0103 \u015fi po\u015fta<\/li>\n<li>Control \u00eenc\u0103rc\u0103tur\u0103 \u015fi comunica\u0163ii<\/li>\n<li>Pornirea motoarelor<\/li>\n<li>Remorcarea aeronavei<\/li>\n<li>Degivrarea \u015fi antigivrarea aeronavelor la sol<\/li>\n<li>Dereticare intern\u0103<\/li>\n<li>Deservirea toaletelor la bordul avioanelor \u015fi alimentarea avioanelor cu ap\u0103<\/li>\n<li>\u00cenc\u0103lzirea aeronavei<\/li>\n<li>Transport la sol, transportarea pasagerilor \u0163i a echipajului<\/li>\n<li>Deservirea \u0219i transportarea\u00a0 bagajelor<\/li>\n<\/ul>\n<p>Pentru specifica\u021biile Echipamentului de Deservire la Sol , consulta\u021bi acest <a href=\"\/aircraft-handling\/gse-facilities\/\">link<\/a><\/p>\n","protected":false},"excerpt":{"rendered":"<p>Obiectivul principal al Aerport Handling SRL este de a oferi\u00a0 companielor\u00a0 aeriene o gam\u0103 larg\u0103 de servicii de deservire la sol a aeronavelor de \u00eenalt\u0103 calitate\u00a0<span class=\"excerpt-hellip\"> [\u2026]<\/span><\/p>\n","protected":false},"author":1,"featured_media":0,"parent":0,"menu_order":0,"comment_status":"closed","ping_status":"closed","template":"","meta":[],"_links":{"self":[{"href":"http:\/\/handling.md\/ro\/wp-json\/wp\/v2\/pages\/462"}],"collection":[{"href":"http:\/\/handling.md\/ro\/wp-json\/wp\/v2\/pages"}],"about":[{"href":"http:\/\/handling.md\/ro\/wp-json\/wp\/v2\/types\/page"}],"author":[{"embeddable":true,"href":"http:\/\/handling.md\/ro\/wp-json\/wp\/v2\/users\/1"}],"replies":[{"embeddable":true,"href":"http:\/\/handling.md\/ro\/wp-json\/wp\/v2\/comments?post=462"}],"version-history":[{"count":2,"href":"http:\/\/handling.md\/ro\/wp-json\/wp\/v2\/pages\/462\/revisions"}],"predecessor-version":[{"id":508,"href":"http:\/\/handling.md\/ro\/wp-json\/wp\/v2\/pages\/462\/revisions\/508"}],"wp:attachment":[{"href":"http:\/\/handling.md\/ro\/wp-json\/wp\/v2\/media?parent=462"}],"curies":[{"name":"wp","href":"https:\/\/api.w.org\/{rel}","templated":true}]}}