{"id":448,"date":"2017-09-03T19:50:42","date_gmt":"2017-09-03T19:50:42","guid":{"rendered":"http:\/\/handling.loc\/ticketing-and-booking\/"},"modified":"2026-04-15T11:39:19","modified_gmt":"2026-04-15T11:39:19","slug":"vinzarea-biletelor-de-avion","status":"publish","type":"page","link":"http:\/\/handling.md\/ro\/vinzarea-biletelor-de-avion\/","title":{"rendered":"Vinzarea biletelor de avion"},"content":{"rendered":"<p><img loading=\"lazy\" class=\"size-full wp-image-237 aligncenter\" src=\"http:\/\/handling.md\/wp-content\/uploads\/2017\/09\/ticketing_blue_airlines-2017.png\" alt=\"\" width=\"940\" height=\"49\" srcset=\"http:\/\/handling.md\/wp-content\/uploads\/2017\/09\/ticketing_blue_airlines-2017.png 940w, http:\/\/handling.md\/wp-content\/uploads\/2017\/09\/ticketing_blue_airlines-2017-300x16.png 300w, http:\/\/handling.md\/wp-content\/uploads\/2017\/09\/ticketing_blue_airlines-2017-768x40.png 768w, http:\/\/handling.md\/wp-content\/uploads\/2017\/09\/ticketing_blue_airlines-2017-260x14.png 260w, http:\/\/handling.md\/wp-content\/uploads\/2017\/09\/ticketing_blue_airlines-2017-50x3.png 50w, http:\/\/handling.md\/wp-content\/uploads\/2017\/09\/ticketing_blue_airlines-2017-150x8.png 150w\" sizes=\"(max-width: 940px) 100vw, 940px\" \/><\/p>\n<p>\u00cencep\u00e2nd cu 7 iulie 2012, \u201eAeroport Handling\u201d ofer\u0103 at\u00e2t companiilor aeriene, c\u00e2t \u0219i pasagerilor noul serviciu &#8211; V\u00e2nzare biletelor\u00a0 de avion.<\/p>\n<p>Agen\u0163ii de vinzare biletelor de avion companiei \u201cAeroport Handling\u201d au absolvit cu succes cursurile de instruire \u00een sistemele de rezervare Amadeus, Sirena- Travel, SITA Gabriel \u0219i Galileo din centrele interna\u021bionale de preg\u0103tire profesional\u0103.<\/p>\n<p>Avem posibilitate s\u0103\u00a0 V\u0103 oferim informa\u021bii \u0219i s\u0103 facem rezerv\u0103ri de bilete de avion (bilet electronic) pentru orice zbor interna\u021bional, precum \u0219i zboruri c\u0103tre \u0219i din Moldova.<\/p>\n<p>Colabor\u0103m cu urm\u0103toarele companii aeriene: <strong>Air Moldova, Wizz Air, Aeroflot, FlyOne, LOT Polish Airlines, Ukraine International Airlines, Turkish Airlines, Tarom, Sibiri Airlines, Lufthansa, Austrian Airlines, AtlasGlobal, Tandem Aero<\/strong> etc.<\/p>\n<p>Conexiunea cu diferite sisteme globale de distribu\u021bie a biletelor de avion ne permite s\u0103 oferim clien\u021bilor no\u0219tri cele mai bune oferte pentru rezerv\u0103rile de zbor (bilet electronic).<\/p>\n<p>Putem g\u0103si zboruri ieftine c\u0103tre\/de la Chi\u0219in\u0103u sau de a\u00a0 rezerva bilete de avion ieftine cu diverse destina\u0163ii\u00a0 interna\u021bionale \u00een c\u00e2teva minute.<\/p>\n<p><strong>Pasagerii sunt informa\u021bi c\u0103 \u00een moment ce\u00a0 servicii de c\u0103l\u0103torie cu transport aerian sunt achizi\u021bionate datele cu character\u00a0 personal al clientului sunt prelucrate.<\/strong><\/p>\n<p>Ne pute\u021bi g\u0103si \u00een Aeroportul Interna\u021bional Chi\u0219in\u0103u,\u00a0 sala de plecare.<\/p>\n<p>Suntem bucuro\u015fi s\u0103 v\u0103 deservim\u00a0 \u00een fiecare zi,\u00a0 anul \u00eentreg (24\/7)<\/p>\n<p>Contactele noastre: +373 22 811 505; +373 78 880 821, sales@handling.md.<\/p>\n<p><strong>De a face c\u0103l\u0103tori mul\u021bumi\u021bi \u0219i ferici\u021bi este motto-ul nostru!<\/strong><\/p>\n<p>&nbsp;<\/p>\n<p><img loading=\"lazy\" class=\"size-full wp-image-238 aligncenter\" src=\"http:\/\/handling.md\/wp-content\/uploads\/2017\/09\/ticketing_blue_small1.png\" alt=\"\" width=\"940\" height=\"120\" srcset=\"http:\/\/handling.md\/wp-content\/uploads\/2017\/09\/ticketing_blue_small1.png 940w, http:\/\/handling.md\/wp-content\/uploads\/2017\/09\/ticketing_blue_small1-300x38.png 300w, http:\/\/handling.md\/wp-content\/uploads\/2017\/09\/ticketing_blue_small1-768x98.png 768w, http:\/\/handling.md\/wp-content\/uploads\/2017\/09\/ticketing_blue_small1-260x33.png 260w, http:\/\/handling.md\/wp-content\/uploads\/2017\/09\/ticketing_blue_small1-50x6.png 50w, http:\/\/handling.md\/wp-content\/uploads\/2017\/09\/ticketing_blue_small1-150x19.png 150w\" sizes=\"(max-width: 940px) 100vw, 940px\" \/><\/p>\n<p>&nbsp;<\/p>\n<h2 style=\"font-size: 18px; font-weight: bold; text-align: center;\">&#x267f; INFORMA\u021aII PENTRU PASAGERII CU MOBILITATE REDUS\u0102 (PRM)<\/h2>\n<p style=\"text-align: center;\">Pentru informa\u021bii detaliate privind serviciile de asisten\u021b\u0103, v\u0103 rug\u0103m s\u0103 accesa\u021bi:<br \/>\n<strong><a href=\"https:\/\/airport.md\/danova\/\" target=\"_blank\" rel=\"noopener noreferrer\"><br \/>\nAccesa\u021bi informa\u021biile PRM<br \/>\n<\/a><br \/>\n<\/strong><\/p>\n","protected":false},"excerpt":{"rendered":"<p>\u00cencep\u00e2nd cu 7 iulie 2012, \u201eAeroport Handling\u201d ofer\u0103 at\u00e2t companiilor aeriene, c\u00e2t \u0219i pasagerilor noul serviciu &#8211; V\u00e2nzare biletelor\u00a0 de avion. Agen\u0163ii de vinzare biletelor de<span class=\"excerpt-hellip\"> [\u2026]<\/span><\/p>\n","protected":false},"author":1,"featured_media":0,"parent":0,"menu_order":0,"comment_status":"closed","ping_status":"closed","template":"","meta":[],"_links":{"self":[{"href":"http:\/\/handling.md\/ro\/wp-json\/wp\/v2\/pages\/448"}],"collection":[{"href":"http:\/\/handling.md\/ro\/wp-json\/wp\/v2\/pages"}],"about":[{"href":"http:\/\/handling.md\/ro\/wp-json\/wp\/v2\/types\/page"}],"author":[{"embeddable":true,"href":"http:\/\/handling.md\/ro\/wp-json\/wp\/v2\/users\/1"}],"replies":[{"embeddable":true,"href":"http:\/\/handling.md\/ro\/wp-json\/wp\/v2\/comments?post=448"}],"version-history":[{"count":3,"href":"http:\/\/handling.md\/ro\/wp-json\/wp\/v2\/pages\/448\/revisions"}],"predecessor-version":[{"id":660,"href":"http:\/\/handling.md\/ro\/wp-json\/wp\/v2\/pages\/448\/revisions\/660"}],"wp:attachment":[{"href":"http:\/\/handling.md\/ro\/wp-json\/wp\/v2\/media?parent=448"}],"curies":[{"name":"wp","href":"https:\/\/api.w.org\/{rel}","templated":true}]}}