{"id":444,"date":"2017-09-03T19:46:19","date_gmt":"2017-09-03T19:46:19","guid":{"rendered":"http:\/\/handling.loc\/passport-and-security-control\/"},"modified":"2020-11-25T08:44:58","modified_gmt":"2020-11-25T08:44:58","slug":"control-de-pasaport-si-securitate","status":"publish","type":"page","link":"http:\/\/handling.md\/ro\/control-de-pasaport-si-securitate\/","title":{"rendered":"Control de pasaport si securitate"},"content":{"rendered":"<p><img loading=\"lazy\" class=\"size-full wp-image-445 aligncenter\" src=\"http:\/\/handling.md\/wp-content\/uploads\/2017\/09\/passport-control.jpg\" alt=\"\" width=\"930\" height=\"170\" srcset=\"http:\/\/handling.md\/wp-content\/uploads\/2017\/09\/passport-control.jpg 930w, http:\/\/handling.md\/wp-content\/uploads\/2017\/09\/passport-control-300x55.jpg 300w, http:\/\/handling.md\/wp-content\/uploads\/2017\/09\/passport-control-768x140.jpg 768w, http:\/\/handling.md\/wp-content\/uploads\/2017\/09\/passport-control-260x48.jpg 260w, http:\/\/handling.md\/wp-content\/uploads\/2017\/09\/passport-control-50x9.jpg 50w, http:\/\/handling.md\/wp-content\/uploads\/2017\/09\/passport-control-150x27.jpg 150w\" sizes=\"(max-width: 930px) 100vw, 930px\" \/><\/p>\n<p>Seturi de manichiur\u0103 \/ pedichiur\u0103 este interzis de a transporta \u00een bagajul de m\u00e2n\u0103.\u00a0 Lichidele necesar de\u00a0 a transporta \u00een containere separate\u00a0 cu o capacitate maxim\u0103 de 100 mililitri fiecare \u0219i trebuie ambalate \u00eentr-o pung\u0103 de plastic transparent\u0103, resigilabil\u0103 aparte,\u00a0 iar cantitatea sa maxim\u0103 nu poate dep\u0103\u0219i 1.000 ml (1 litru) de o persoan\u0103.\u00a0 Companiile aeriene nu ofer\u0103 astfel de pungi de plastic, a\u015fa deci fiecare pasager trebuie s\u0103 fie dotat cu pungi atunci c\u00e2nd vine la \u00eenregistrare.<\/p>\n<p>Persoanelor care doresc s\u0103 scoat\u0103 din \u021bar\u0103 bancnotele, monedele, cecurile de c\u0103l\u0103torie etc. li se recomand\u0103 s\u0103 intre pe site-ul web: www.customs.gov.md pentru informa\u021bii suplimentare.<\/p>\n<p>Servicii speciale<\/p>\n<p>Solicitat\u0103m insistent\u00a0 de a informa transportatorul aerian despre minori ne\u00eenso\u021bi\u021bi \u0219i pasageri, care solicit\u0103 servicii speciale (surzi, nev\u0103z\u0103tori, cet\u0103\u021beni \u00een v\u00e2rst\u0103 sau pasageri, care au nevoie de \u00eendrumare din cauza lipsei cunoasterii limbii str\u0103ine) \u00een timpul rezerv\u0103rii sau cump\u0103r\u0103rii biletelor de avion.<\/p>\n<p>Pentru informa\u021bii suplimentare, v\u0103 rug\u0103m s\u0103 contacta\u021bi transportatorul dvs. aerian.<\/p>\n<p>V\u0103 sf\u0103tuim s\u0103 declara\u021bi animalul de companie sau orice alt produs de origine animal\u0103 transportatorului aerian, \u00een timp ce face\u0163i\u00a0 rezervarea sau achizi\u021biona\u0163i bilete de avion. Control veterinar \u00een aeroport este \u00eendeplinit de c\u0103tre Postul sanitar-veterinar de frontier\u0103, \u00een cadrul Agen\u021biei Sanitar-Veterinare.<\/p>\n<p>Pentru informa\u021bii suplimentare, v\u0103 rug\u0103m s\u0103 contacta\u021bi transportatorul dvs. aerian.<\/p>\n<p>Este foarte indicat\u00a0 s\u0103 contacta\u021bi \u00een prealabil Postul sanitar-veterinar de frontier\u0103, pentru a preveni orice incomoditate. Num\u0103r de telefon: (+373 22) 52-54-89<\/p>\n<p>Imbarcarea \u00een aeronav\u0103<\/p>\n<p>Dup\u0103 control de pa\u015fapoarte\u00a0 \u0219i\u00a0 a securit\u0103\u021bii, trebuie s\u0103 trece\u0163i la poarta de plecare.<\/p>\n<p>V\u0103 recomand\u0103m s\u0103 citi\u021bi cu aten\u021bie timpul de \u00eembarcare indicat \u00een tichetul de \u00eembarcare.<\/p>\n<p>Imbarcarea nu este posibil\u0103 f\u0103r\u0103\u00a0 tichetul de \u00eembarcare.<\/p>\n<p>Dac\u0103 nu ajunge\u021bi la ghi\u015feul de \u00eembarcare la timp, ve\u021bi pierde zborul. Compania \u201cAeroport Handling\u201d nu poart\u0103 r\u0103spunderea\u00a0 pentru orice pierdere sau cheltuieli suportate de\u00a0 c\u0103tre pasager datorit\u0103\u00a0 sosirii\u00a0 dvs. t\u00e2rzie la ghi\u015feul\u00a0 de \u00eembarcare.<\/p>\n<p>V\u0103 rug\u0103m s\u0103 nota\u0163i c\u0103 informa\u021biile cu privre\u00a0 la ora de plecare \u0219i num\u0103rul por\u021bii de ie\u015fire\u00a0 sunt afi\u0219ate \u0219i pe ecrane\u00a0 \u00een terminalul aeroportuar la plecare.<\/p>\n","protected":false},"excerpt":{"rendered":"<p>Seturi de manichiur\u0103 \/ pedichiur\u0103 este interzis de a transporta \u00een bagajul de m\u00e2n\u0103.\u00a0 Lichidele necesar de\u00a0 a transporta \u00een containere separate\u00a0 cu o capacitate maxim\u0103<span class=\"excerpt-hellip\"> [\u2026]<\/span><\/p>\n","protected":false},"author":1,"featured_media":0,"parent":0,"menu_order":0,"comment_status":"closed","ping_status":"closed","template":"","meta":[],"_links":{"self":[{"href":"http:\/\/handling.md\/ro\/wp-json\/wp\/v2\/pages\/444"}],"collection":[{"href":"http:\/\/handling.md\/ro\/wp-json\/wp\/v2\/pages"}],"about":[{"href":"http:\/\/handling.md\/ro\/wp-json\/wp\/v2\/types\/page"}],"author":[{"embeddable":true,"href":"http:\/\/handling.md\/ro\/wp-json\/wp\/v2\/users\/1"}],"replies":[{"embeddable":true,"href":"http:\/\/handling.md\/ro\/wp-json\/wp\/v2\/comments?post=444"}],"version-history":[{"count":3,"href":"http:\/\/handling.md\/ro\/wp-json\/wp\/v2\/pages\/444\/revisions"}],"predecessor-version":[{"id":630,"href":"http:\/\/handling.md\/ro\/wp-json\/wp\/v2\/pages\/444\/revisions\/630"}],"wp:attachment":[{"href":"http:\/\/handling.md\/ro\/wp-json\/wp\/v2\/media?parent=444"}],"curies":[{"name":"wp","href":"https:\/\/api.w.org\/{rel}","templated":true}]}}