{"id":440,"date":"2017-09-03T19:48:00","date_gmt":"2017-09-03T19:48:00","guid":{"rendered":"http:\/\/handling.loc\/lost-and-found-baggage\/"},"modified":"2020-11-25T08:41:42","modified_gmt":"2020-11-25T08:41:42","slug":"serviciul-bagaj-pierdut-lost-and-found","status":"publish","type":"page","link":"http:\/\/handling.md\/ro\/serviciul-bagaj-pierdut-lost-and-found\/","title":{"rendered":"Serviciul  Bagaj Pierdut LOST and FOUND"},"content":{"rendered":"<p><img loading=\"lazy\" class=\"size-full wp-image-441 aligncenter\" src=\"http:\/\/handling.md\/wp-content\/uploads\/2017\/09\/lost-luggage.jpg\" alt=\"\" width=\"930\" height=\"170\" srcset=\"http:\/\/handling.md\/wp-content\/uploads\/2017\/09\/lost-luggage.jpg 930w, http:\/\/handling.md\/wp-content\/uploads\/2017\/09\/lost-luggage-300x55.jpg 300w, http:\/\/handling.md\/wp-content\/uploads\/2017\/09\/lost-luggage-768x140.jpg 768w, http:\/\/handling.md\/wp-content\/uploads\/2017\/09\/lost-luggage-260x48.jpg 260w, http:\/\/handling.md\/wp-content\/uploads\/2017\/09\/lost-luggage-50x9.jpg 50w, http:\/\/handling.md\/wp-content\/uploads\/2017\/09\/lost-luggage-150x27.jpg 150w\" sizes=\"(max-width: 930px) 100vw, 930px\" \/><\/p>\n<p>Dac\u0103 bagajul dvs. este pierdut sau deteriorat, v\u0103 rug\u0103m s\u0103 contacta\u021bi agen\u021bii\u00a0 serviciului Bagaj Pierdut (LOST and FOUND ) al companiei \u201c Aeroport Handling\u201d \u00eenainte de a p\u0103r\u0103si zona de sosirie , pentru a \u00eencepe procedura de c\u0103utare bagajelor\u00a0 pierdute.<\/p>\n<p>Va fi necesar s\u0103 completa\u021bi un formular cu informa\u021bii despre bagajele dvs.<\/p>\n<p>Documentul principal, care confirm\u0103 c\u0103 ave\u021bi bagaje este eticheta de identificare a bagajului &#8211; document eliberat de transportator \u00een scopul exclusiv al identific\u0103rii<\/p>\n<p>bagajelor \u00eenregistrate. Acesta va fi prezentat agentului serviciului Bagaj Pierdut (LOST and FOUND ). Agentul v\u0103 va r\u0103spunde la toate \u00eentreb\u0103rile \u0219i va organiza procesul pentru o c\u0103utare rapid\u0103 \u0219i profesional\u0103 \u0219i va preg\u0103ti toate documentele necesare pentru aceasta.<\/p>\n<p>C\u0103utarea se efectueaz\u0103 utiliz\u00e2nd programele World Tracer Management, SITA.<\/p>\n<p>Livrarea bagajelor dvs. la aeroportul Chi\u0219in\u0103u poate dura \u00eencep\u00e2nd de la o zi p\u00e2n\u0103 \u00een ziua urm\u0103torului zbor. Pentru a facilita c\u0103utarea bagajelor dvs., este necesar s\u0103 ata\u0219a\u021bi etichet\u0103 de bagaj suplimentar\u0103 cu numele, adresa \u0219i num\u0103rul de telefon cu codul \u021b\u0103rii (dac\u0103 este cazul). C\u0103utarea bagajelor pierdute se incepe\u00a0 de la completarea formularului\u00a0 bagaj pierdut la adresarea pasagerului\u00a0 \u0219i se face \u00een perioada de timp alocat\u0103 de c\u0103tre transportator aerian.<\/p>\n<p>Dac\u0103 dup\u0103 acest timp bagajul nu este g\u0103sit sau este g\u0103sit, dar este deteriorat, decizia privind compensarea material\u0103 \u0219i m\u0103rimea acestuia este\u00a0 luat\u0103\u00a0 \u00een fiecare caz de c\u0103tre transportator aerian.<\/p>\n<p>Pute\u0163i s\u0103 ne contacta\u0163i:\u00a0 lf@handling.md\u00a0 +373 22 525 508; +373 78 880 850<\/p>\n","protected":false},"excerpt":{"rendered":"<p>Dac\u0103 bagajul dvs. este pierdut sau deteriorat, v\u0103 rug\u0103m s\u0103 contacta\u021bi agen\u021bii\u00a0 serviciului Bagaj Pierdut (LOST and FOUND ) al companiei \u201c Aeroport Handling\u201d \u00eenainte de<span class=\"excerpt-hellip\"> [\u2026]<\/span><\/p>\n","protected":false},"author":1,"featured_media":0,"parent":0,"menu_order":0,"comment_status":"closed","ping_status":"closed","template":"","meta":[],"_links":{"self":[{"href":"http:\/\/handling.md\/ro\/wp-json\/wp\/v2\/pages\/440"}],"collection":[{"href":"http:\/\/handling.md\/ro\/wp-json\/wp\/v2\/pages"}],"about":[{"href":"http:\/\/handling.md\/ro\/wp-json\/wp\/v2\/types\/page"}],"author":[{"embeddable":true,"href":"http:\/\/handling.md\/ro\/wp-json\/wp\/v2\/users\/1"}],"replies":[{"embeddable":true,"href":"http:\/\/handling.md\/ro\/wp-json\/wp\/v2\/comments?post=440"}],"version-history":[{"count":2,"href":"http:\/\/handling.md\/ro\/wp-json\/wp\/v2\/pages\/440\/revisions"}],"predecessor-version":[{"id":625,"href":"http:\/\/handling.md\/ro\/wp-json\/wp\/v2\/pages\/440\/revisions\/625"}],"wp:attachment":[{"href":"http:\/\/handling.md\/ro\/wp-json\/wp\/v2\/media?parent=440"}],"curies":[{"name":"wp","href":"https:\/\/api.w.org\/{rel}","templated":true}]}}