{"id":419,"date":"2017-09-08T07:14:23","date_gmt":"2017-09-08T07:14:23","guid":{"rendered":"http:\/\/handling.loc\/despre-companie\/company-staff\/"},"modified":"2020-11-13T09:24:59","modified_gmt":"2020-11-13T09:24:59","slug":"personalul-companiei","status":"publish","type":"page","link":"http:\/\/handling.md\/ro\/despre-companie\/personalul-companiei\/","title":{"rendered":"Personalul companiei"},"content":{"rendered":"<ul>\n<li style=\"text-align: left;\">Departamentul\u00a0 Administrativ \u2013 20 de angaja\u0163i<\/li>\n<li style=\"text-align: left;\">Departamentul Opera\u0163ional- 300 de angaja\u0163i<\/li>\n<li style=\"text-align: left;\">\u00cen total- 320 de angaja\u0163i<\/li>\n<\/ul>\n<p style=\"text-align: center;\"><strong>Angaja\u0163ii \u201eAeroport Handling\u201d SRL au trecut preg\u0103tirea \u015fi sunt\u00a0 certifica\u0163i \u00een Centrele Autorizate de Studii\u00a0 IATA,\u00a0 Lufthansa,\u00a0 companiei aeriene Austrian , Aeroflot.<\/strong><\/p>\n\n\t\t\t<style type='text\/css'>\n\t\t\t\t#gallery-1 {\n\t\t\t\t\tmargin: auto;\n\t\t\t\t}\n\t\t\t\t#gallery-1 .gallery-item {\n\t\t\t\t\tfloat: left;\n\t\t\t\t\tmargin-top: 10px;\n\t\t\t\t\ttext-align: center;\n\t\t\t\t\twidth: 19.99%;\n\t\t\t\t}\n\t\t\t\t#gallery-1 img {\n\t\t\t\t\tborder: 2px solid #cfcfcf;\n\t\t\t\t}\n\t\t\t\t#gallery-1 .gallery-caption {\n\t\t\t\t\tmargin-left: 0;\n\t\t\t\t}\n\t\t\t\t\/* see gallery_shortcode() in wp-includes\/media.php *\/\n\t\t\t<\/style>\n\t\t<div id='gallery-1' class='gallery galleryid-419 gallery-columns-5 gallery-size-thumbnail file'><dl class='gallery-item'>\n\t\t\t\t<dt class='gallery-icon landscape'>\n\t\t\t\t\t<a href='http:\/\/handling.md\/wp-content\/uploads\/2017\/09\/Picture2.jpg'><img width=\"150\" height=\"150\" src=\"http:\/\/handling.md\/wp-content\/uploads\/2017\/09\/Picture2-150x150.jpg\" class=\"attachment-thumbnail size-thumbnail\" alt=\"\" loading=\"lazy\" srcset=\"http:\/\/handling.md\/wp-content\/uploads\/2017\/09\/Picture2-150x150.jpg 150w, http:\/\/handling.md\/wp-content\/uploads\/2017\/09\/Picture2-85x85.jpg 85w, http:\/\/handling.md\/wp-content\/uploads\/2017\/09\/Picture2-80x80.jpg 80w\" sizes=\"(max-width: 150px) 100vw, 150px\" \/><\/a>\n\t\t\t\t<\/dt><\/dl><dl class='gallery-item'>\n\t\t\t\t<dt class='gallery-icon landscape'>\n\t\t\t\t\t<a href='http:\/\/handling.md\/wp-content\/uploads\/2017\/09\/Picture1.jpg'><img width=\"150\" height=\"150\" src=\"http:\/\/handling.md\/wp-content\/uploads\/2017\/09\/Picture1-150x150.jpg\" class=\"attachment-thumbnail size-thumbnail\" alt=\"\" loading=\"lazy\" srcset=\"http:\/\/handling.md\/wp-content\/uploads\/2017\/09\/Picture1-150x150.jpg 150w, http:\/\/handling.md\/wp-content\/uploads\/2017\/09\/Picture1-85x85.jpg 85w, http:\/\/handling.md\/wp-content\/uploads\/2017\/09\/Picture1-80x80.jpg 80w\" sizes=\"(max-width: 150px) 100vw, 150px\" \/><\/a>\n\t\t\t\t<\/dt><\/dl><dl class='gallery-item'>\n\t\t\t\t<dt class='gallery-icon landscape'>\n\t\t\t\t\t<a href='http:\/\/handling.md\/wp-content\/uploads\/2017\/09\/Picture3.jpg'><img width=\"150\" height=\"150\" src=\"http:\/\/handling.md\/wp-content\/uploads\/2017\/09\/Picture3-150x150.jpg\" class=\"attachment-thumbnail size-thumbnail\" alt=\"\" loading=\"lazy\" srcset=\"http:\/\/handling.md\/wp-content\/uploads\/2017\/09\/Picture3-150x150.jpg 150w, http:\/\/handling.md\/wp-content\/uploads\/2017\/09\/Picture3-85x85.jpg 85w, http:\/\/handling.md\/wp-content\/uploads\/2017\/09\/Picture3-80x80.jpg 80w\" sizes=\"(max-width: 150px) 100vw, 150px\" \/><\/a>\n\t\t\t\t<\/dt><\/dl><dl class='gallery-item'>\n\t\t\t\t<dt class='gallery-icon landscape'>\n\t\t\t\t\t<a href='http:\/\/handling.md\/wp-content\/uploads\/2017\/09\/Picture4.jpg'><img width=\"150\" height=\"150\" src=\"http:\/\/handling.md\/wp-content\/uploads\/2017\/09\/Picture4-150x150.jpg\" class=\"attachment-thumbnail size-thumbnail\" alt=\"\" loading=\"lazy\" srcset=\"http:\/\/handling.md\/wp-content\/uploads\/2017\/09\/Picture4-150x150.jpg 150w, http:\/\/handling.md\/wp-content\/uploads\/2017\/09\/Picture4-85x85.jpg 85w, http:\/\/handling.md\/wp-content\/uploads\/2017\/09\/Picture4-80x80.jpg 80w\" sizes=\"(max-width: 150px) 100vw, 150px\" \/><\/a>\n\t\t\t\t<\/dt><\/dl><dl class='gallery-item'>\n\t\t\t\t<dt class='gallery-icon landscape'>\n\t\t\t\t\t<a href='http:\/\/handling.md\/wp-content\/uploads\/2017\/09\/Picture5.jpg'><img width=\"150\" height=\"150\" src=\"http:\/\/handling.md\/wp-content\/uploads\/2017\/09\/Picture5-150x150.jpg\" class=\"attachment-thumbnail size-thumbnail\" alt=\"\" loading=\"lazy\" srcset=\"http:\/\/handling.md\/wp-content\/uploads\/2017\/09\/Picture5-150x150.jpg 150w, http:\/\/handling.md\/wp-content\/uploads\/2017\/09\/Picture5-85x85.jpg 85w, http:\/\/handling.md\/wp-content\/uploads\/2017\/09\/Picture5-80x80.jpg 80w\" sizes=\"(max-width: 150px) 100vw, 150px\" \/><\/a>\n\t\t\t\t<\/dt><\/dl><br style=\"clear: both\" \/>\n\t\t\t<\/div>\n\n","protected":false},"excerpt":{"rendered":"<p>Departamentul\u00a0 Administrativ \u2013 20 de angaja\u0163i Departamentul Opera\u0163ional- 300 de angaja\u0163i \u00cen total- 320 de angaja\u0163i Angaja\u0163ii \u201eAeroport Handling\u201d SRL au trecut preg\u0103tirea \u015fi sunt\u00a0 certifica\u0163i<span class=\"excerpt-hellip\"> [\u2026]<\/span><\/p>\n","protected":false},"author":1,"featured_media":0,"parent":397,"menu_order":0,"comment_status":"closed","ping_status":"closed","template":"","meta":[],"_links":{"self":[{"href":"http:\/\/handling.md\/ro\/wp-json\/wp\/v2\/pages\/419"}],"collection":[{"href":"http:\/\/handling.md\/ro\/wp-json\/wp\/v2\/pages"}],"about":[{"href":"http:\/\/handling.md\/ro\/wp-json\/wp\/v2\/types\/page"}],"author":[{"embeddable":true,"href":"http:\/\/handling.md\/ro\/wp-json\/wp\/v2\/users\/1"}],"replies":[{"embeddable":true,"href":"http:\/\/handling.md\/ro\/wp-json\/wp\/v2\/comments?post=419"}],"version-history":[{"count":3,"href":"http:\/\/handling.md\/ro\/wp-json\/wp\/v2\/pages\/419\/revisions"}],"predecessor-version":[{"id":425,"href":"http:\/\/handling.md\/ro\/wp-json\/wp\/v2\/pages\/419\/revisions\/425"}],"up":[{"embeddable":true,"href":"http:\/\/handling.md\/ro\/wp-json\/wp\/v2\/pages\/397"}],"wp:attachment":[{"href":"http:\/\/handling.md\/ro\/wp-json\/wp\/v2\/media?parent=419"}],"curies":[{"name":"wp","href":"https:\/\/api.w.org\/{rel}","templated":true}]}}