{"id":413,"date":"2017-08-31T08:28:53","date_gmt":"2017-08-31T08:28:53","guid":{"rendered":"http:\/\/handling.loc\/despre-companie\/quality-and-safety-management\/"},"modified":"2020-11-13T09:28:43","modified_gmt":"2020-11-13T09:28:43","slug":"management-al-calitatii-si-a-sigurantei-zborurilor","status":"publish","type":"page","link":"http:\/\/handling.md\/ro\/despre-companie\/management-al-calitatii-si-a-sigurantei-zborurilor\/","title":{"rendered":"Management al Calit\u0103\u0163ii \u015fi a Siguran\u0163ei Zborurilor"},"content":{"rendered":"<p>\u201cAeroport Handling\u201d \u00ee\u015fi propune s\u0103 devin\u0103 cea mai de \u00eencredere\u00a0 \u015fi preferat\u0103 companie de deservire la sol a navelor aeriene pentru clien\u0163i \u015fi parteneri pe segmentul de pia\u0163\u0103 \u00een care activ\u0103m. Politica\u00a0 companiei noastre\u00a0 este de a asigura cel mai \u00eenalt nivel de siguran\u0163\u0103\u00a0 \u015fi calitate a opera\u0163iunilor de deservire la sol.<\/p>\n<p>Nu exist\u0103 compromisuri \u00een respecatrea\u00a0 strict\u0103 a standardelor \u015fi reglement\u0103rilor na\u0163ionale \u015fi interna\u0163ionale\u00a0 a calit\u0103\u0163ii \u015fi siguran\u0163ei, a cerin\u0163elor \u015fi procedurilor stabilite de c\u0103tre transportatorul aerian,\u00a0 precum \u015fi a preg\u0103tirii profesionale corespunz\u0103toare a personalului \u015fi \u00eembun\u0103t\u0103\u0163irii continue a serviciilor \u2013acestea fiind cele mai importante criterii \u00een fiecare segment al activit\u0103\u0163ii noastre.<\/p>\n<p>\u00cen cadrul companiei este implementat Programul intern de asigurare a calit\u0103\u0163ii (QAP).\u00a0 QAP abordeaz\u0103 toate activit\u0103\u0163ile companiei,\u00a0 care vizeaz\u0103 asigurarea conformit\u0103\u0163ii cu toate cerin\u0163ele, standardele \u015fi procedurile aplicabile \u00een toate domeniile de activitate ale companiei, precum \u015fi activit\u0103\u0163ile subcontractan\u0163ilor\u00a0 companiei \u201eAeroport Handling\u201d. QAP include audituri programate \u015fi inspec\u0163ii programate \/ neprogramate pentru monitorizarea continu\u0103 a conformit\u0103\u0163ii cu reglement\u0103rile \u015fi standardele relevante, precum \u015fi pentru evaluarea \u015fi \u00eembun\u0103t\u0103\u0163irea ne\u00eencetat\u0103 a performan\u0163ei opera\u0163ionale.<\/p>\n<p>Sistemul de management al siguran\u0163ei este implementat \u00een compania noastr\u0103 \u015fi integrat \u00een toate\u00a0 activit\u0103\u0163ile cotidiene ale organiza\u0163iei. Specialistul \u00een siguran\u0163a zborurilor este certificat ICAO \u015fi IATA\u00a0 \u015fi gestioneaz\u0103 sistemul, identific\u0103 pericolele de siguran\u0163\u0103 pe care trebuie s\u0103 le confrunte compania \u00een timpul prest\u0103rii serviciilor, aduc\u00e2nd riscurile de siguran\u0163\u0103 sau consecin\u0163ele acestor pericole sub control organiza\u0163ional. Speciali\u015ftii \u00een materie de siguran\u0163\u0103 \u015fi calitate \u00eencurajeaz\u0103 tot personalul s\u0103-\u015fi \u00eendeplineasc\u0103\u00a0 sarcinile obliga\u0163ionale\u00a0 \u00eentr-un mediu de lucru sigur \u015fi s\u0103n\u0103tos.<\/p>\n<p>&nbsp;<\/p>\n<p style=\"text-align: center;\"><img loading=\"lazy\" class=\"size-full wp-image-329 aligncenter\" src=\"http:\/\/handling.md\/wp-content\/uploads\/2017\/08\/fggfdh.png\" alt=\"\" width=\"453\" height=\"273\" srcset=\"http:\/\/handling.md\/wp-content\/uploads\/2017\/08\/fggfdh.png 453w, http:\/\/handling.md\/wp-content\/uploads\/2017\/08\/fggfdh-300x181.png 300w, http:\/\/handling.md\/wp-content\/uploads\/2017\/08\/fggfdh-242x146.png 242w, http:\/\/handling.md\/wp-content\/uploads\/2017\/08\/fggfdh-50x30.png 50w, http:\/\/handling.md\/wp-content\/uploads\/2017\/08\/fggfdh-124x75.png 124w\" sizes=\"(max-width: 453px) 100vw, 453px\" \/><\/p>\n","protected":false},"excerpt":{"rendered":"<p>\u201cAeroport Handling\u201d \u00ee\u015fi propune s\u0103 devin\u0103 cea mai de \u00eencredere\u00a0 \u015fi preferat\u0103 companie de deservire la sol a navelor aeriene pentru clien\u0163i \u015fi parteneri pe segmentul<span class=\"excerpt-hellip\"> [\u2026]<\/span><\/p>\n","protected":false},"author":1,"featured_media":0,"parent":397,"menu_order":0,"comment_status":"closed","ping_status":"closed","template":"","meta":[],"_links":{"self":[{"href":"http:\/\/handling.md\/ro\/wp-json\/wp\/v2\/pages\/413"}],"collection":[{"href":"http:\/\/handling.md\/ro\/wp-json\/wp\/v2\/pages"}],"about":[{"href":"http:\/\/handling.md\/ro\/wp-json\/wp\/v2\/types\/page"}],"author":[{"embeddable":true,"href":"http:\/\/handling.md\/ro\/wp-json\/wp\/v2\/users\/1"}],"replies":[{"embeddable":true,"href":"http:\/\/handling.md\/ro\/wp-json\/wp\/v2\/comments?post=413"}],"version-history":[{"count":2,"href":"http:\/\/handling.md\/ro\/wp-json\/wp\/v2\/pages\/413\/revisions"}],"predecessor-version":[{"id":428,"href":"http:\/\/handling.md\/ro\/wp-json\/wp\/v2\/pages\/413\/revisions\/428"}],"up":[{"embeddable":true,"href":"http:\/\/handling.md\/ro\/wp-json\/wp\/v2\/pages\/397"}],"wp:attachment":[{"href":"http:\/\/handling.md\/ro\/wp-json\/wp\/v2\/media?parent=413"}],"curies":[{"name":"wp","href":"https:\/\/api.w.org\/{rel}","templated":true}]}}