{"id":405,"date":"2017-08-31T08:18:01","date_gmt":"2017-08-31T08:18:01","guid":{"rendered":"http:\/\/handling.loc\/despre-companie\/certification\/"},"modified":"2020-11-13T09:18:12","modified_gmt":"2020-11-13T09:18:12","slug":"certificare","status":"publish","type":"page","link":"http:\/\/handling.md\/ro\/despre-companie\/certificare\/","title":{"rendered":"CERTIFICARE"},"content":{"rendered":"<p><img loading=\"lazy\" class=\"aligncenter wp-image-206 size-full\" src=\"http:\/\/handling.md\/wp-content\/uploads\/2017\/08\/iata-isago.jpg\" alt=\"\" width=\"960\" height=\"158\" srcset=\"http:\/\/handling.md\/wp-content\/uploads\/2017\/08\/iata-isago.jpg 960w, http:\/\/handling.md\/wp-content\/uploads\/2017\/08\/iata-isago-300x49.jpg 300w, http:\/\/handling.md\/wp-content\/uploads\/2017\/08\/iata-isago-768x126.jpg 768w, http:\/\/handling.md\/wp-content\/uploads\/2017\/08\/iata-isago-260x43.jpg 260w, http:\/\/handling.md\/wp-content\/uploads\/2017\/08\/iata-isago-50x8.jpg 50w, http:\/\/handling.md\/wp-content\/uploads\/2017\/08\/iata-isago-150x25.jpg 150w\" sizes=\"(max-width: 960px) 100vw, 960px\" \/><\/p>\n<p><b>Consiliu al Asocia\u0163iei Interna\u0163ionale de Transport Aerian de Deservire la Sol<\/b><\/p>\n<p><strong>IATA GROUND HANDLING COUNCIL (IGHC)<\/strong><\/p>\n<p>\u00cen 2007, \u201eAeroport Handling\u201d a devenit membru al IATA Ground Handling Council &#8211; principalul forum al executivilor interna\u0163ionali de deservire la sol a navelor aeriene din diferite p\u0103r\u0163i ale lumii. Apartenen\u0163a la IGHC asigur\u0103 nu numai accesul la noile practici recomandate de IATA, ci \u015fi o oportunitate de a avea influen\u0163\u0103 asupra standardelor, at\u00e2t \u00een domeniul form\u0103rii acordurilor de prestare serviciilor, c\u00e2t \u015fi \u00een serviciile de deservire la sol.<\/p>\n\n\t\t\t<style type='text\/css'>\n\t\t\t\t#gallery-1 {\n\t\t\t\t\tmargin: auto;\n\t\t\t\t}\n\t\t\t\t#gallery-1 .gallery-item {\n\t\t\t\t\tfloat: left;\n\t\t\t\t\tmargin-top: 10px;\n\t\t\t\t\ttext-align: center;\n\t\t\t\t\twidth: 49.99%;\n\t\t\t\t}\n\t\t\t\t#gallery-1 img {\n\t\t\t\t\tborder: 2px solid #cfcfcf;\n\t\t\t\t}\n\t\t\t\t#gallery-1 .gallery-caption {\n\t\t\t\t\tmargin-left: 0;\n\t\t\t\t}\n\t\t\t\t\/* see gallery_shortcode() in wp-includes\/media.php *\/\n\t\t\t<\/style>\n\t\t<div id='gallery-1' class='gallery galleryid-405 gallery-columns-2 gallery-size-large file'><dl class='gallery-item'>\n\t\t\t\t<dt class='gallery-icon portrait'>\n\t\t\t\t\t<a href='http:\/\/handling.md\/wp-content\/uploads\/2017\/08\/iata2016a.jpg'><img width=\"600\" height=\"799\" src=\"http:\/\/handling.md\/wp-content\/uploads\/2017\/08\/iata2016a.jpg\" class=\"attachment-large size-large\" alt=\"\" loading=\"lazy\" srcset=\"http:\/\/handling.md\/wp-content\/uploads\/2017\/08\/iata2016a.jpg 600w, http:\/\/handling.md\/wp-content\/uploads\/2017\/08\/iata2016a-225x300.jpg 225w, http:\/\/handling.md\/wp-content\/uploads\/2017\/08\/iata2016a-110x146.jpg 110w, http:\/\/handling.md\/wp-content\/uploads\/2017\/08\/iata2016a-38x50.jpg 38w, http:\/\/handling.md\/wp-content\/uploads\/2017\/08\/iata2016a-56x75.jpg 56w\" sizes=\"(max-width: 600px) 100vw, 600px\" \/><\/a>\n\t\t\t\t<\/dt><\/dl><dl class='gallery-item'>\n\t\t\t\t<dt class='gallery-icon portrait'>\n\t\t\t\t\t<a href='http:\/\/handling.md\/wp-content\/uploads\/2017\/08\/iata_2017.jpg'><img width=\"600\" height=\"799\" src=\"http:\/\/handling.md\/wp-content\/uploads\/2017\/08\/iata_2017.jpg\" class=\"attachment-large size-large\" alt=\"\" loading=\"lazy\" srcset=\"http:\/\/handling.md\/wp-content\/uploads\/2017\/08\/iata_2017.jpg 600w, http:\/\/handling.md\/wp-content\/uploads\/2017\/08\/iata_2017-225x300.jpg 225w, http:\/\/handling.md\/wp-content\/uploads\/2017\/08\/iata_2017-110x146.jpg 110w, http:\/\/handling.md\/wp-content\/uploads\/2017\/08\/iata_2017-38x50.jpg 38w, http:\/\/handling.md\/wp-content\/uploads\/2017\/08\/iata_2017-56x75.jpg 56w\" sizes=\"(max-width: 600px) 100vw, 600px\" \/><\/a>\n\t\t\t\t<\/dt><\/dl><br style=\"clear: both\" \/>\n\t\t\t<\/div>\n\n<p><b>AUDITUL DE SIGURAN\u0162\u0102 ZBORURILOR PENTRU OPERATORII DE DESERVIRE LA SOL A NAVELOR AERIENE AL AITA (ISAGO)<\/b><\/p>\n<p>Unul dintre principalele obiective ale politicii de dezvoltare a companiei este\u00a0 sus\u0163inerea auditului de siguran\u0163\u0103 zborurilor pentru operatori de deservire la sol IATA, care acoper\u0103\u00a0 toate domeniile de siguran\u0163\u0103, securitate \u015fi calitate ale activit\u0103\u0163ii opera\u0163ionale ale companiei. Urm\u0103rirea \u015fi implementarea unui plan imens de activit\u0103\u0163i at\u00e2t \u00een domeniile administrative, c\u00e2t \u015fi \u00een cele opera\u0163ionale, ne-a permis s\u0103 trecem\u00a0 auditul dat cu success ani \u00een \u015fir, \u00eencepind cu anul 2012 \u015fi s\u0103\u00a0 ob\u0163inem certificatul ISAGO &#8211; drept garan\u0163ie a siguran\u0163ei \u015fi calit\u0103\u0163ii serviciilor prestate de deservire la sol a navelor aeriene la nivelul standardelor internationale.<\/p>\n<p>&nbsp;<\/p>\n<p><img loading=\"lazy\" class=\"aligncenter wp-image-209 size-full\" src=\"http:\/\/handling.md\/wp-content\/uploads\/2017\/08\/isago-cert.jpg\" alt=\"\" width=\"483\" height=\"600\" srcset=\"http:\/\/handling.md\/wp-content\/uploads\/2017\/08\/isago-cert.jpg 483w, http:\/\/handling.md\/wp-content\/uploads\/2017\/08\/isago-cert-242x300.jpg 242w, http:\/\/handling.md\/wp-content\/uploads\/2017\/08\/isago-cert-118x146.jpg 118w, http:\/\/handling.md\/wp-content\/uploads\/2017\/08\/isago-cert-40x50.jpg 40w, http:\/\/handling.md\/wp-content\/uploads\/2017\/08\/isago-cert-60x75.jpg 60w\" sizes=\"(max-width: 483px) 100vw, 483px\" \/><\/p>\n","protected":false},"excerpt":{"rendered":"<p>Consiliu al Asocia\u0163iei Interna\u0163ionale de Transport Aerian de Deservire la Sol IATA GROUND HANDLING COUNCIL (IGHC) \u00cen 2007, \u201eAeroport Handling\u201d a devenit membru al IATA Ground<span class=\"excerpt-hellip\"> [\u2026]<\/span><\/p>\n","protected":false},"author":1,"featured_media":0,"parent":397,"menu_order":0,"comment_status":"closed","ping_status":"closed","template":"","meta":[],"_links":{"self":[{"href":"http:\/\/handling.md\/ro\/wp-json\/wp\/v2\/pages\/405"}],"collection":[{"href":"http:\/\/handling.md\/ro\/wp-json\/wp\/v2\/pages"}],"about":[{"href":"http:\/\/handling.md\/ro\/wp-json\/wp\/v2\/types\/page"}],"author":[{"embeddable":true,"href":"http:\/\/handling.md\/ro\/wp-json\/wp\/v2\/users\/1"}],"replies":[{"embeddable":true,"href":"http:\/\/handling.md\/ro\/wp-json\/wp\/v2\/comments?post=405"}],"version-history":[{"count":2,"href":"http:\/\/handling.md\/ro\/wp-json\/wp\/v2\/pages\/405\/revisions"}],"predecessor-version":[{"id":410,"href":"http:\/\/handling.md\/ro\/wp-json\/wp\/v2\/pages\/405\/revisions\/410"}],"up":[{"embeddable":true,"href":"http:\/\/handling.md\/ro\/wp-json\/wp\/v2\/pages\/397"}],"wp:attachment":[{"href":"http:\/\/handling.md\/ro\/wp-json\/wp\/v2\/media?parent=405"}],"curies":[{"name":"wp","href":"https:\/\/api.w.org\/{rel}","templated":true}]}}