{"id":397,"date":"2017-08-31T08:12:01","date_gmt":"2017-08-31T08:12:01","guid":{"rendered":"http:\/\/handling.loc\/about-company\/"},"modified":"2020-11-13T08:51:11","modified_gmt":"2020-11-13T08:51:11","slug":"despre-companie","status":"publish","type":"page","link":"http:\/\/handling.md\/ro\/despre-companie\/","title":{"rendered":"Despre companie"},"content":{"rendered":"<p>Compania \u201cAeroport Handling\u201d, a fost\u00a0 \u00eenfiin\u0163at\u0103 la 12 decembrie 2002 ca un operator unic, responsabil pentru toate serviciile de deservire la sol \u00een Aeroportul Interna\u0163ional Chi\u015fin\u0103u, fiind singura companie de acest gen din Moldova. Obiectivul nostru principal este asigurarea standardelor na\u0163ionale \u015fi interna\u0163ionale, privind deservirea companiilor aeriene, \u00eentru consolidarea competitivit\u0103\u0163ii Aeroportului Interna\u0163ional Chi\u015fin\u0103u.<\/p>\n<p>\u201cAeroport Handling\u201d este o companie de deservire la sol a navelor aeriene, fondat\u0103 pentru a oferi o gam\u0103 complet\u0103 de servicii de deservire la sol, de la inregistrarea pasagerilor \u00een terminal p\u00een\u0103 la deservirea aeronavelor pe ramp\u0103, la un nivel de calitate \u015fi siguran\u0163\u0103 \u00eenalt, Consolidarea diverselor facilit\u0103\u0163i de deservire la sol \u00een cadrul unei companii cre\u015fte substan\u0163ial eficien\u0163a opera\u0163iunilor \u00een terminalul aerian \u015fi, prin urmare, calitatea serviciilor furnizate companiilor aeriene.<\/p>\n<p>Compania \u201cAeroport Handling\u201d presteaz\u0103 o gam\u0103 larg\u0103 de servicii de deservire la sol pe Aeroportul Chi\u015fin\u0103u, pentru companiile aeriene cunoscute \u00een \u00eentreaga lume. De asemenea, ofer\u0103 o gam\u0103 complet\u0103 de servicii de deservire la sol pentru companii corporative (cum ar fi zboruri charter \u015fi VIP).<\/p>\n<p>\u201cAeroport Handling\u201d coopereaz\u0103 reciproc \u015fi avantajos cu Aeroportul Interna\u0163ional Chi\u015fin\u0103u, precum si cu toate entit\u0103\u0163ile din cadrul aeroportului.\u00a0 Exper\u0163ii califica\u0163i din cadrul companiei analizeaz\u0103 cu aten\u0163ie fiecare propunere oferit\u0103. O astfel de interac\u0163iune are ca rezultat dezvoltarea unui program comercial individual pentru fiecare transportator aerian. Unul dintre obiectivele noastre primordiale este protejarea intereselor companiilor aeriene deservite \u00een cadrul Aeroportului Interna\u0163ional Chi\u015fin\u0103u.<\/p>\n<p>De asemenea, \u201cAeroport Handling\u201d acord\u0103 un complex de servicii logistice \u00een domeniul organiz\u0103rii transporturilor interna\u0163ionale de marf\u0103 prin intermediul transportului aerian &#8211; cel mai rapid \u015fi fiabil tip de transport!<\/p>\n<p>Pozi\u0163ia geografic\u0103 a Moldovei este puntea de tranzit excelent\u0103, care leag\u0103 Vestul de Est prin \u0163\u0103rile CSI. Contractele de prestare a serviciilor cu o serie de companii aeriene, cum ar fi compania \u201cAir Moldova\u201d \u015fi altele, ne permit s\u0103 oferim clien\u0163ilor no\u015ftri\u00a0 servicii de nivel \u00eenalt\u00a0 la pre\u0163uri favorabile, precum \u015fi oportunit\u0103\u0163i mari de a alege aeroportul de destina\u0163ie final\u0103.<\/p>\n<p>\u201cAeroport Handling\u201c\u00a0 ofer\u0103, de asemenea, facilit\u0103\u0163i tehnice necesare. Dispunem de mijloace de comunicare (numere de telefon cu mai multe linii, SITA, Internet, e-mail) care permit realizarea unor scheme logistice moderne, inclusiv rezervarea \u015fi urm\u0103rirea m\u0103rfurilor, precum \u015fi un complex deplin de servicii de v\u0103muire a importului, exportului \u015fi tranzitului de m\u0103rfuri. Departementul de transport al companiei efectueaz\u0103 livrarea m\u0103rfurilor p\u00e2n\u0103 la destina\u0163ie.<\/p>\n<p>Angaja\u021bii \u201cAeroport Handling\u201c de\u0163in certificate interna\u0163ionale IATA \/ FIATA\/ICAO, inclusiv cele referitoare la transportarea aerian\u0103 a m\u0103rfurilor periculoase.<\/p>\n<p>Suntem \u00eenc\u00e2nta\u0163i s\u0103 V\u0103 oferim asisten\u0163\u0103 \u00een realizarea scopurilor Dumneavoastr\u0103. Nu ezita\u0163i s\u0103 ne contacta\u0163i oric\u00e2nd!<\/p>\n<p><iframe title=\"Aeroport Handling - Talaria - 10 years\" width=\"1200\" height=\"675\" src=\"https:\/\/www.youtube.com\/embed\/QtW95Fnsa20?feature=oembed\" frameborder=\"0\" allow=\"accelerometer; autoplay; clipboard-write; encrypted-media; gyroscope; picture-in-picture\" allowfullscreen><\/iframe><\/p>\n","protected":false},"excerpt":{"rendered":"<p>Compania \u201cAeroport Handling\u201d, a fost\u00a0 \u00eenfiin\u0163at\u0103 la 12 decembrie 2002 ca un operator unic, responsabil pentru toate serviciile de deservire la sol \u00een Aeroportul Interna\u0163ional Chi\u015fin\u0103u,<span class=\"excerpt-hellip\"> [\u2026]<\/span><\/p>\n","protected":false},"author":1,"featured_media":0,"parent":0,"menu_order":0,"comment_status":"closed","ping_status":"closed","template":"","meta":[],"_links":{"self":[{"href":"http:\/\/handling.md\/ro\/wp-json\/wp\/v2\/pages\/397"}],"collection":[{"href":"http:\/\/handling.md\/ro\/wp-json\/wp\/v2\/pages"}],"about":[{"href":"http:\/\/handling.md\/ro\/wp-json\/wp\/v2\/types\/page"}],"author":[{"embeddable":true,"href":"http:\/\/handling.md\/ro\/wp-json\/wp\/v2\/users\/1"}],"replies":[{"embeddable":true,"href":"http:\/\/handling.md\/ro\/wp-json\/wp\/v2\/comments?post=397"}],"version-history":[{"count":2,"href":"http:\/\/handling.md\/ro\/wp-json\/wp\/v2\/pages\/397\/revisions"}],"predecessor-version":[{"id":402,"href":"http:\/\/handling.md\/ro\/wp-json\/wp\/v2\/pages\/397\/revisions\/402"}],"wp:attachment":[{"href":"http:\/\/handling.md\/ro\/wp-json\/wp\/v2\/media?parent=397"}],"curies":[{"name":"wp","href":"https:\/\/api.w.org\/{rel}","templated":true}]}}